{"id":78,"date":"2024-05-31T10:01:51","date_gmt":"2024-05-31T08:01:51","guid":{"rendered":"https:\/\/meble-rzemieslnicze.pl\/?page_id=78"},"modified":"2024-10-21T11:03:17","modified_gmt":"2024-10-21T09:03:17","slug":"o-nas","status":"publish","type":"page","link":"https:\/\/meble-rzemieslnicze.pl\/index.php\/o-nas\/","title":{"rendered":"O NAS"},"content":{"rendered":"\t\t<div data-elementor-type=\"wp-page\" data-elementor-id=\"78\" class=\"elementor elementor-78\" data-elementor-settings=\"{&quot;ha_cmc_init_switcher&quot;:&quot;no&quot;}\" data-elementor-post-type=\"page\">\n\t\t\t\t<div class=\"elementor-element elementor-element-31d4fb6 e-con-full e-flex e-con e-parent\" data-id=\"31d4fb6\" data-element_type=\"container\" data-e-type=\"container\" data-settings=\"{&quot;background_background&quot;:&quot;classic&quot;,&quot;_ha_eqh_enable&quot;:false}\">\n\t\t<div class=\"elementor-element elementor-element-ee4ecbf e-con-full e-flex e-con e-child\" data-id=\"ee4ecbf\" data-element_type=\"container\" data-e-type=\"container\" data-settings=\"{&quot;background_background&quot;:&quot;classic&quot;,&quot;_ha_eqh_enable&quot;:false}\">\n\t\t\t\t<div class=\"elementor-element elementor-element-c77a0cf elementor-widget elementor-widget-heading\" data-id=\"c77a0cf\" data-element_type=\"widget\" data-e-type=\"widget\" data-widget_type=\"heading.default\">\n\t\t\t\t<div class=\"elementor-widget-container\">\n\t\t\t\t\t<h2 class=\"elementor-heading-title elementor-size-default\">O nas<\/h2>\t\t\t\t<\/div>\n\t\t\t\t<\/div>\n\t\t\t\t<\/div>\n\t\t\t\t<\/div>\n\t\t<div class=\"elementor-element elementor-element-9d3be1d e-flex e-con-boxed e-con e-parent\" data-id=\"9d3be1d\" data-element_type=\"container\" data-e-type=\"container\" data-settings=\"{&quot;_ha_eqh_enable&quot;:false}\">\n\t\t\t\t\t<div class=\"e-con-inner\">\n\t\t\t\t<div class=\"elementor-element elementor-element-993762c elementor-widget elementor-widget-heading\" data-id=\"993762c\" data-element_type=\"widget\" data-e-type=\"widget\" data-widget_type=\"heading.default\">\n\t\t\t\t<div class=\"elementor-widget-container\">\n\t\t\t\t\t<h2 class=\"elementor-heading-title elementor-size-default\">Twoje wn\u0119trza, nasza pasja<\/h2>\t\t\t\t<\/div>\n\t\t\t\t<\/div>\n\t\t\t\t<div class=\"elementor-element elementor-element-7df5181 elementor-widget elementor-widget-text-editor\" data-id=\"7df5181\" data-element_type=\"widget\" data-e-type=\"widget\" data-widget_type=\"text-editor.default\">\n\t\t\t\t<div class=\"elementor-widget-container\">\n\t\t\t\t\t\t\t\t\t<p>Witamy w \u015bwiecie wyj\u0105tkowych mebli na wymiar, gdzie ka\u017cdy projekt jest odzwierciedleniem naszej pasji do tworzenia. Nasza firma, z zakorzenionymi warto\u015bciami rzemie\u015blniczymi, dzia\u0142a na terenie \u0141odzi oraz Warszawy, dostarczaj\u0105c rozwi\u0105zania dopasowane do indywidualnych potrzeb naszych Klient\u00f3w. Od pomys\u0142u, przez starannie opracowany projekt, a\u017c po produkcj\u0119 i monta\u017c \u2013 towarzyszymy naszym Klientom na ka\u017cdym etapie realizacji ich marze\u0144 o idealnym wn\u0119trzu. Dla nas, tworzenie mebli to nie tylko zaw\u00f3d, ale te\u017c pasja, kt\u00f3r\u0105 piel\u0119gnujemy projektuj\u0105c i wykonuj\u0105c meble niepowtarzalne w swojej formie i funkcjonalno\u015bci. W naszym podej\u015bciu \u0142\u0105czymy rzemios\u0142o z nowoczesnymi technologiami, co pozwala nam na realizacj\u0119 nawet najbardziej wymagaj\u0105cych projekt\u00f3w. Jeste\u015bmy dumni, \u017ce mo\u017cemy dzieli\u0107 si\u0119 naszym do\u015bwiadczeniem i umiej\u0119tno\u015bciami, tworz\u0105c przestrzenie, kt\u00f3re s\u0105 nie tylko estetyczne, ale tak\u017ce funkcjonalne i wyj\u0105tkowe. \u015awiadcz\u0105c us\u0142ugi w \u0141odzi i Warszawie, jeste\u015bmy zawsze blisko naszych Klient\u00f3w, gotowi odpowiedzie\u0107 na ich potrzeby i przekszta\u0142ci\u0107 ich wizje w rzeczywisto\u015b\u0107. Zapraszamy do kontaktu z nami, aby razem stworzy\u0107 meble, kt\u00f3re b\u0119d\u0105 dok\u0142adnie pasowa\u0107 do Pa\u0144stwa przestrzeni i stylu \u017cycia.<\/p>\t\t\t\t\t\t\t\t<\/div>\n\t\t\t\t<\/div>\n\t\t\t\t\t<\/div>\n\t\t\t\t<\/div>\n\t\t<div class=\"elementor-element elementor-element-86b319e e-con-full e-flex e-con e-parent\" data-id=\"86b319e\" data-element_type=\"container\" data-e-type=\"container\" data-settings=\"{&quot;background_background&quot;:&quot;classic&quot;,&quot;_ha_eqh_enable&quot;:false}\">\n\t\t\t\t<div class=\"elementor-element elementor-element-f0d03c2 elementor-skin-coverflow elementor-arrows-yes elementor-widget elementor-widget-media-carousel\" data-id=\"f0d03c2\" data-element_type=\"widget\" data-e-type=\"widget\" data-settings=\"{&quot;skin&quot;:&quot;coverflow&quot;,&quot;slides_per_view&quot;:&quot;3&quot;,&quot;slides_to_scroll&quot;:&quot;1&quot;,&quot;speed&quot;:800,&quot;autoplay_speed&quot;:3000,&quot;lazyload&quot;:&quot;yes&quot;,&quot;show_arrows&quot;:&quot;yes&quot;,&quot;autoplay&quot;:&quot;yes&quot;,&quot;loop&quot;:&quot;yes&quot;,&quot;space_between&quot;:{&quot;unit&quot;:&quot;px&quot;,&quot;size&quot;:10,&quot;sizes&quot;:[]},&quot;space_between_tablet&quot;:{&quot;unit&quot;:&quot;px&quot;,&quot;size&quot;:10,&quot;sizes&quot;:[]},&quot;space_between_mobile&quot;:{&quot;unit&quot;:&quot;px&quot;,&quot;size&quot;:10,&quot;sizes&quot;:[]}}\" data-widget_type=\"media-carousel.default\">\n\t\t\t\t<div class=\"elementor-widget-container\">\n\t\t\t\t\t\t\t\t\t<div class=\"elementor-swiper\">\n\t\t\t\t\t<div class=\"elementor-main-swiper swiper\" role=\"region\" aria-roledescription=\"carousel\" aria-label=\"Slajdy\">\n\t\t\t\t<div class=\"swiper-wrapper\">\n\t\t\t\t\t\t\t\t\t\t\t<div class=\"swiper-slide\" role=\"group\" aria-roledescription=\"slide\">\n\t\t\t\t\t\t\t\t\t<div class=\"elementor-carousel-image swiper-lazy\" role=\"img\" aria-label=\"101\" data-background=\"https:\/\/meble-rzemieslnicze.pl\/wp-content\/uploads\/2024\/09\/101.jpg\">\n\n\t\t\t\t\t\t\t<div class=\"swiper-lazy-preloader\"><\/div>\n\t\t\t\n\t\t\t\t\t<\/div>\n\t\t\t\t\t\t\t\t<\/div>\n\t\t\t\t\t\t\t\t\t\t\t<div class=\"swiper-slide\" role=\"group\" aria-roledescription=\"slide\">\n\t\t\t\t\t\t\t\t\t<div class=\"elementor-carousel-image swiper-lazy\" role=\"img\" aria-label=\"185\" data-background=\"https:\/\/meble-rzemieslnicze.pl\/wp-content\/uploads\/2024\/09\/185.jpg\">\n\n\t\t\t\t\t\t\t<div class=\"swiper-lazy-preloader\"><\/div>\n\t\t\t\n\t\t\t\t\t<\/div>\n\t\t\t\t\t\t\t\t<\/div>\n\t\t\t\t\t\t\t\t\t\t\t<div class=\"swiper-slide\" role=\"group\" aria-roledescription=\"slide\">\n\t\t\t\t\t\t\t\t\t<div class=\"elementor-carousel-image swiper-lazy\" role=\"img\" aria-label=\"175\" data-background=\"https:\/\/meble-rzemieslnicze.pl\/wp-content\/uploads\/2024\/09\/175-scaled.jpg\">\n\n\t\t\t\t\t\t\t<div class=\"swiper-lazy-preloader\"><\/div>\n\t\t\t\n\t\t\t\t\t<\/div>\n\t\t\t\t\t\t\t\t<\/div>\n\t\t\t\t\t\t\t\t\t\t\t<div class=\"swiper-slide\" role=\"group\" aria-roledescription=\"slide\">\n\t\t\t\t\t\t\t\t\t<div class=\"elementor-carousel-image swiper-lazy\" role=\"img\" aria-label=\"164\" data-background=\"https:\/\/meble-rzemieslnicze.pl\/wp-content\/uploads\/2024\/09\/164-scaled.jpg\">\n\n\t\t\t\t\t\t\t<div class=\"swiper-lazy-preloader\"><\/div>\n\t\t\t\n\t\t\t\t\t<\/div>\n\t\t\t\t\t\t\t\t<\/div>\n\t\t\t\t\t\t\t\t\t\t\t<div class=\"swiper-slide\" role=\"group\" aria-roledescription=\"slide\">\n\t\t\t\t\t\t\t\t\t<div class=\"elementor-carousel-image swiper-lazy\" role=\"img\" aria-label=\"153\" data-background=\"https:\/\/meble-rzemieslnicze.pl\/wp-content\/uploads\/2024\/09\/153-scaled.jpg\">\n\n\t\t\t\t\t\t\t<div class=\"swiper-lazy-preloader\"><\/div>\n\t\t\t\n\t\t\t\t\t<\/div>\n\t\t\t\t\t\t\t\t<\/div>\n\t\t\t\t\t\t\t\t\t\t\t<div class=\"swiper-slide\" role=\"group\" aria-roledescription=\"slide\">\n\t\t\t\t\t\t\t\t\t<div class=\"elementor-carousel-image swiper-lazy\" role=\"img\" aria-label=\"156\" data-background=\"https:\/\/meble-rzemieslnicze.pl\/wp-content\/uploads\/2024\/09\/156-scaled.jpg\">\n\n\t\t\t\t\t\t\t<div class=\"swiper-lazy-preloader\"><\/div>\n\t\t\t\n\t\t\t\t\t<\/div>\n\t\t\t\t\t\t\t\t<\/div>\n\t\t\t\t\t\t\t\t\t<\/div>\n\t\t\t\t\t\t\t\t\t\t\t\t\t\t\t<div class=\"elementor-swiper-button elementor-swiper-button-prev\" role=\"button\" tabindex=\"0\" aria-label=\"Poprzedni\">\n\t\t\t\t\t\t\t<svg aria-hidden=\"true\" class=\"e-font-icon-svg e-eicon-chevron-left\" viewBox=\"0 0 1000 1000\" xmlns=\"http:\/\/www.w3.org\/2000\/svg\"><path d=\"M646 125C629 125 613 133 604 142L308 442C296 454 292 471 292 487 292 504 296 521 308 533L604 854C617 867 629 875 646 875 663 875 679 871 692 858 704 846 713 829 713 812 713 796 708 779 692 767L438 487 692 225C700 217 708 204 708 187 708 171 704 154 692 142 675 129 663 125 646 125Z\"><\/path><\/svg>\t\t\t\t\t\t<\/div>\n\t\t\t\t\t\t<div class=\"elementor-swiper-button elementor-swiper-button-next\" role=\"button\" tabindex=\"0\" aria-label=\"Nast\u0119pny\">\n\t\t\t\t\t\t\t<svg aria-hidden=\"true\" class=\"e-font-icon-svg e-eicon-chevron-right\" viewBox=\"0 0 1000 1000\" xmlns=\"http:\/\/www.w3.org\/2000\/svg\"><path d=\"M696 533C708 521 713 504 713 487 713 471 708 454 696 446L400 146C388 133 375 125 354 125 338 125 325 129 313 142 300 154 292 171 292 187 292 204 296 221 308 233L563 492 304 771C292 783 288 800 288 817 288 833 296 850 308 863 321 871 338 875 354 875 371 875 388 867 400 854L696 533Z\"><\/path><\/svg>\t\t\t\t\t\t<\/div>\n\t\t\t\t\t\t\t\t\t\t\t\t\t\t\t\t\t<\/div>\n\t\t\t\t<\/div>\n\t\t\t\t\t\t\t\t<\/div>\n\t\t\t\t<\/div>\n\t\t\t\t<\/div>\n\t\t\t\t<\/div>\n\t\t","protected":false},"excerpt":{"rendered":"<p>O nas Twoje wn\u0119trza, nasza pasja Witamy w \u015bwiecie wyj\u0105tkowych mebli na wymiar, gdzie ka\u017cdy projekt jest odzwierciedleniem naszej pasji do tworzenia. Nasza firma, z zakorzenionymi warto\u015bciami rzemie\u015blniczymi, dzia\u0142a na terenie \u0141odzi oraz Warszawy, dostarczaj\u0105c rozwi\u0105zania dopasowane do indywidualnych potrzeb naszych Klient\u00f3w. Od pomys\u0142u, przez starannie opracowany projekt, a\u017c po produkcj\u0119 i monta\u017c \u2013 towarzyszymy [&hellip;]<\/p>\n","protected":false},"author":1,"featured_media":0,"parent":0,"menu_order":0,"comment_status":"closed","ping_status":"closed","template":"elementor_canvas","meta":{"footnotes":""},"folder":[],"class_list":["post-78","page","type-page","status-publish","hentry"],"_links":{"self":[{"href":"https:\/\/meble-rzemieslnicze.pl\/index.php\/wp-json\/wp\/v2\/pages\/78","targetHints":{"allow":["GET"]}}],"collection":[{"href":"https:\/\/meble-rzemieslnicze.pl\/index.php\/wp-json\/wp\/v2\/pages"}],"about":[{"href":"https:\/\/meble-rzemieslnicze.pl\/index.php\/wp-json\/wp\/v2\/types\/page"}],"author":[{"embeddable":true,"href":"https:\/\/meble-rzemieslnicze.pl\/index.php\/wp-json\/wp\/v2\/users\/1"}],"replies":[{"embeddable":true,"href":"https:\/\/meble-rzemieslnicze.pl\/index.php\/wp-json\/wp\/v2\/comments?post=78"}],"version-history":[{"count":97,"href":"https:\/\/meble-rzemieslnicze.pl\/index.php\/wp-json\/wp\/v2\/pages\/78\/revisions"}],"predecessor-version":[{"id":1689,"href":"https:\/\/meble-rzemieslnicze.pl\/index.php\/wp-json\/wp\/v2\/pages\/78\/revisions\/1689"}],"wp:attachment":[{"href":"https:\/\/meble-rzemieslnicze.pl\/index.php\/wp-json\/wp\/v2\/media?parent=78"}],"wp:term":[{"taxonomy":"folder","embeddable":true,"href":"https:\/\/meble-rzemieslnicze.pl\/index.php\/wp-json\/wp\/v2\/folder?post=78"}],"curies":[{"name":"wp","href":"https:\/\/api.w.org\/{rel}","templated":true}]}}