{"id":182,"date":"2024-06-28T00:53:20","date_gmt":"2024-06-27T22:53:20","guid":{"rendered":"https:\/\/meble-rzemieslnicze.pl\/?page_id=182"},"modified":"2024-10-21T11:01:31","modified_gmt":"2024-10-21T09:01:31","slug":"kontakt","status":"publish","type":"page","link":"https:\/\/meble-rzemieslnicze.pl\/index.php\/kontakt\/","title":{"rendered":"KONTAKT"},"content":{"rendered":"\t\t<div data-elementor-type=\"wp-page\" data-elementor-id=\"182\" class=\"elementor elementor-182\" data-elementor-settings=\"{&quot;ha_cmc_init_switcher&quot;:&quot;no&quot;}\" data-elementor-post-type=\"page\">\n\t\t\t\t<div class=\"elementor-element elementor-element-87deba4 e-con-full e-flex e-con e-parent\" data-id=\"87deba4\" data-element_type=\"container\" data-e-type=\"container\" data-settings=\"{&quot;background_background&quot;:&quot;classic&quot;,&quot;_ha_eqh_enable&quot;:false}\">\n\t\t<div class=\"elementor-element elementor-element-1ed2330 e-con-full e-flex e-con e-child\" data-id=\"1ed2330\" data-element_type=\"container\" data-e-type=\"container\" data-settings=\"{&quot;background_background&quot;:&quot;classic&quot;,&quot;_ha_eqh_enable&quot;:false}\">\n\t\t\t\t<div class=\"elementor-element elementor-element-c53b34b elementor-widget elementor-widget-heading\" data-id=\"c53b34b\" data-element_type=\"widget\" data-e-type=\"widget\" data-widget_type=\"heading.default\">\n\t\t\t\t<div class=\"elementor-widget-container\">\n\t\t\t\t\t<h2 class=\"elementor-heading-title elementor-size-default\">Kontakt<\/h2>\t\t\t\t<\/div>\n\t\t\t\t<\/div>\n\t\t\t\t<\/div>\n\t\t\t\t<\/div>\n\t\t<div class=\"elementor-element elementor-element-a161834 e-flex e-con-boxed e-con e-parent\" data-id=\"a161834\" data-element_type=\"container\" data-e-type=\"container\" data-settings=\"{&quot;_ha_eqh_enable&quot;:false}\">\n\t\t\t\t\t<div class=\"e-con-inner\">\n\t\t<div class=\"elementor-element elementor-element-16c520a e-con-full e-flex e-con e-child\" data-id=\"16c520a\" data-element_type=\"container\" data-e-type=\"container\" data-settings=\"{&quot;_ha_eqh_enable&quot;:false}\">\n\t\t\t\t<div class=\"elementor-element elementor-element-e5faee0 elementor-widget elementor-widget-heading\" data-id=\"e5faee0\" data-element_type=\"widget\" data-e-type=\"widget\" data-widget_type=\"heading.default\">\n\t\t\t\t<div class=\"elementor-widget-container\">\n\t\t\t\t\t<h2 class=\"elementor-heading-title elementor-size-default\">Zapraszamy do Kontaktu z Nasz\u0105 Firm\u0105<\/h2>\t\t\t\t<\/div>\n\t\t\t\t<\/div>\n\t\t\t\t<div class=\"elementor-element elementor-element-e00c434 elementor-widget elementor-widget-text-editor\" data-id=\"e00c434\" data-element_type=\"widget\" data-e-type=\"widget\" data-widget_type=\"text-editor.default\">\n\t\t\t\t<div class=\"elementor-widget-container\">\n\t\t\t\t\t\t\t\t\t<p>Jeste\u015bmy zawsze dost\u0119pni, aby odpowiedzie\u0107 na Twoje pytania i om\u00f3wi\u0107 szczeg\u00f3\u0142y Twojego projektu.<br \/>Skontaktuj si\u0119 z nami w dogodny dla Ciebie spos\u00f3b:<\/p><ul><li><strong>Telefon<\/strong>: Zadzwo\u0144 do nas aby porozmawia\u0107 z naszym doradc\u0105 <strong>+48 690 570 206<\/strong><\/li><\/ul><p>\u00a0<\/p><ul><li><strong>E-mail<\/strong>: Wy\u015blij wiadomo\u015b\u0107 z opisem Twojego pomys\u0142u, a my przygotujemy dla Ciebie indywidualn\u0105 ofert\u0119 <strong>kontakt@meble-rzemieslnicze.pl<\/strong> .<\/li><\/ul><p>\u00a0<\/p><ul><li><strong>Formularz Kontaktowy<\/strong>: Wype\u0142nij formularz kontaktowy, a my skontaktujemy si\u0119 z Tob\u0105 w ci\u0105gu 24 godzin.<\/li><\/ul>\t\t\t\t\t\t\t\t<\/div>\n\t\t\t\t<\/div>\n\t\t\t\t<\/div>\n\t\t<div class=\"elementor-element elementor-element-ec473cb e-con-full e-flex e-con e-child\" data-id=\"ec473cb\" data-element_type=\"container\" data-e-type=\"container\" data-settings=\"{&quot;_ha_eqh_enable&quot;:false}\">\n\t\t\t\t<div class=\"elementor-element elementor-element-7bd7e71 elementor-hidden-mobile elementor-widget elementor-widget-heading\" data-id=\"7bd7e71\" data-element_type=\"widget\" data-e-type=\"widget\" data-widget_type=\"heading.default\">\n\t\t\t\t<div class=\"elementor-widget-container\">\n\t\t\t\t\t<h2 class=\"elementor-heading-title elementor-size-default\">Formularz kontaktowy<\/h2>\t\t\t\t<\/div>\n\t\t\t\t<\/div>\n\t\t\t\t<div class=\"elementor-element elementor-element-4f96796 ha-form-btn--center elementor-widget elementor-widget-ha-wpform happy-addon ha-wpform\" data-id=\"4f96796\" data-element_type=\"widget\" data-e-type=\"widget\" data-widget_type=\"ha-wpform.default\">\n\t\t\t\t<div class=\"elementor-widget-container\">\n\t\t\t\t\t<style id=\"wpforms-css-vars-514\">\n\t\t\t\t#wpforms-514 {\n\t\t\t\t\n\t\t\t}\n\t\t\t<\/style><div class=\"wpforms-container wpforms-container-full wpforms-render-modern\" id=\"wpforms-514\"><form id=\"wpforms-form-514\" class=\"wpforms-validate wpforms-form wpforms-ajax-form\" data-formid=\"514\" method=\"post\" enctype=\"multipart\/form-data\" action=\"\/index.php\/wp-json\/wp\/v2\/pages\/182\" data-token=\"2c4b7162ced587a0e054a35741de4f06\" data-token-time=\"1776355687\"><noscript class=\"wpforms-error-noscript\">Aby wype\u0142ni\u0107 ten formularz, w\u0142\u0105cz obs\u0142ug\u0119 JavaScript w przegl\u0105darce.<\/noscript><div id=\"wpforms-error-noscript\" style=\"display: none;\">Aby wype\u0142ni\u0107 ten formularz, w\u0142\u0105cz obs\u0142ug\u0119 JavaScript w przegl\u0105darce.<\/div><div class=\"wpforms-field-container\"><div id=\"wpforms-514-field_1-container\" class=\"wpforms-field wpforms-field-name\" data-field-id=\"1\"><label class=\"wpforms-field-label\" for=\"wpforms-514-field_1\">Imi\u0119 i nazwisko <span class=\"wpforms-required-label\" aria-hidden=\"true\">*<\/span><\/label><input type=\"text\" id=\"wpforms-514-field_1\" class=\"wpforms-field-large wpforms-field-required\" name=\"wpforms[fields][1]\" aria-errormessage=\"wpforms-514-field_1-error\" required><\/div><div id=\"wpforms-514-field_2-container\" class=\"wpforms-field wpforms-field-email\" data-field-id=\"2\"><label class=\"wpforms-field-label\" for=\"wpforms-514-field_2\">Adres e-mail <span class=\"wpforms-required-label\" aria-hidden=\"true\">*<\/span><\/label><input type=\"email\" id=\"wpforms-514-field_2\" class=\"wpforms-field-large wpforms-field-required\" name=\"wpforms[fields][2]\" spellcheck=\"false\" aria-errormessage=\"wpforms-514-field_2-error\" required><\/div><div id=\"wpforms-514-field_3-container\" class=\"wpforms-field wpforms-field-textarea\" data-field-id=\"3\"><label class=\"wpforms-field-label\" for=\"wpforms-514-field_3\">Wiadomo\u015b\u0107 <span class=\"wpforms-required-label\" aria-hidden=\"true\">*<\/span><\/label><textarea id=\"wpforms-514-field_3\" class=\"wpforms-field-small wpforms-field-required\" name=\"wpforms[fields][3]\" aria-errormessage=\"wpforms-514-field_3-error\" required><\/textarea><\/div><div id=\"wpforms-514-field_4-container\" class=\"wpforms-field wpforms-field-checkbox\" data-field-id=\"4\"><fieldset><legend class=\"wpforms-field-label wpforms-label-hide\" aria-hidden=\"false\">Zgoda na przetwarzanie danych osobwych  <span class=\"wpforms-required-label\" aria-hidden=\"true\">*<\/span><\/legend><ul id=\"wpforms-514-field_4\" class=\"wpforms-field-required\"><li class=\"choice-1 depth-1\"><input type=\"checkbox\" id=\"wpforms-514-field_4_1\" name=\"wpforms[fields][4][]\" value=\"Wyra\u017cam zgod\u0119 na przetwarzanie danych osobowych zgodnie z poni\u017csz\u0105 polityk\u0105 prywatno\u015bci.\" aria-errormessage=\"wpforms-514-field_4_1-error\" required ><label class=\"wpforms-field-label-inline\" for=\"wpforms-514-field_4_1\">Wyra\u017cam zgod\u0119 na przetwarzanie danych osobowych zgodnie z poni\u017csz\u0105 polityk\u0105 prywatno\u015bci.<\/label><\/li><\/ul><\/fieldset><\/div><\/div><!-- .wpforms-field-container --><div class=\"wpforms-submit-container\" ><input type=\"hidden\" name=\"wpforms[id]\" value=\"514\"><input type=\"hidden\" name=\"page_title\" value=\"\"><input type=\"hidden\" name=\"page_url\" value=\"https:\/\/meble-rzemieslnicze.pl\/index.php\/wp-json\/wp\/v2\/pages\/182\"><input type=\"hidden\" name=\"url_referer\" value=\"\"><button type=\"submit\" name=\"wpforms[submit]\" id=\"wpforms-submit-514\" class=\"wpforms-submit\" data-alt-text=\"Sending...\" data-submit-text=\"WY\u015aLIJ\" aria-live=\"assertive\" value=\"wpforms-submit\">WY\u015aLIJ<\/button><img decoding=\"async\" src=\"https:\/\/meble-rzemieslnicze.pl\/wp-content\/plugins\/wpforms-lite\/assets\/images\/submit-spin.svg\" class=\"wpforms-submit-spinner\" style=\"display: none;\" width=\"26\" height=\"26\" alt=\"Wczytywanie\"><\/div><\/form><\/div>  <!-- .wpforms-container -->\t\t\t\t<\/div>\n\t\t\t\t<\/div>\n\t\t\t\t<div data-ha-element-link=\"{&quot;url&quot;:&quot;#elementor-action%3Aaction%3Dpopup%3Aopen%26settings%3DeyJpZCI6IjExMjkiLCJ0b2dnbGUiOmZhbHNlfQ%3D%3D&quot;,&quot;is_external&quot;:&quot;on&quot;,&quot;nofollow&quot;:&quot;&quot;}\" style=\"cursor: pointer\" class=\"elementor-element elementor-element-e280c7a elementor-widget elementor-widget-text-editor\" data-id=\"e280c7a\" data-element_type=\"widget\" data-e-type=\"widget\" data-widget_type=\"text-editor.default\">\n\t\t\t\t<div class=\"elementor-widget-container\">\n\t\t\t\t\t\t\t\t\t<p>Regulamin<\/p>\t\t\t\t\t\t\t\t<\/div>\n\t\t\t\t<\/div>\n\t\t\t\t<\/div>\n\t\t\t\t\t<\/div>\n\t\t\t\t<\/div>\n\t\t\t\t<\/div>\n\t\t","protected":false},"excerpt":{"rendered":"<p>Kontakt Zapraszamy do Kontaktu z Nasz\u0105 Firm\u0105 Jeste\u015bmy zawsze dost\u0119pni, aby odpowiedzie\u0107 na Twoje pytania i om\u00f3wi\u0107 szczeg\u00f3\u0142y Twojego projektu.Skontaktuj si\u0119 z nami w dogodny dla Ciebie spos\u00f3b: Telefon: Zadzwo\u0144 do nas aby porozmawia\u0107 z naszym doradc\u0105 +48 690 570 206 \u00a0 E-mail: Wy\u015blij wiadomo\u015b\u0107 z opisem Twojego pomys\u0142u, a my przygotujemy dla Ciebie indywidualn\u0105 [&hellip;]<\/p>\n","protected":false},"author":1,"featured_media":0,"parent":0,"menu_order":0,"comment_status":"closed","ping_status":"closed","template":"elementor_canvas","meta":{"footnotes":""},"folder":[],"class_list":["post-182","page","type-page","status-publish","hentry"],"_links":{"self":[{"href":"https:\/\/meble-rzemieslnicze.pl\/index.php\/wp-json\/wp\/v2\/pages\/182","targetHints":{"allow":["GET"]}}],"collection":[{"href":"https:\/\/meble-rzemieslnicze.pl\/index.php\/wp-json\/wp\/v2\/pages"}],"about":[{"href":"https:\/\/meble-rzemieslnicze.pl\/index.php\/wp-json\/wp\/v2\/types\/page"}],"author":[{"embeddable":true,"href":"https:\/\/meble-rzemieslnicze.pl\/index.php\/wp-json\/wp\/v2\/users\/1"}],"replies":[{"embeddable":true,"href":"https:\/\/meble-rzemieslnicze.pl\/index.php\/wp-json\/wp\/v2\/comments?post=182"}],"version-history":[{"count":58,"href":"https:\/\/meble-rzemieslnicze.pl\/index.php\/wp-json\/wp\/v2\/pages\/182\/revisions"}],"predecessor-version":[{"id":1683,"href":"https:\/\/meble-rzemieslnicze.pl\/index.php\/wp-json\/wp\/v2\/pages\/182\/revisions\/1683"}],"wp:attachment":[{"href":"https:\/\/meble-rzemieslnicze.pl\/index.php\/wp-json\/wp\/v2\/media?parent=182"}],"wp:term":[{"taxonomy":"folder","embeddable":true,"href":"https:\/\/meble-rzemieslnicze.pl\/index.php\/wp-json\/wp\/v2\/folder?post=182"}],"curies":[{"name":"wp","href":"https:\/\/api.w.org\/{rel}","templated":true}]}}