{"id":1377,"date":"2024-10-10T17:26:41","date_gmt":"2024-10-10T15:26:41","guid":{"rendered":"https:\/\/meble-rzemieslnicze.pl\/?page_id=1377"},"modified":"2025-02-06T14:45:47","modified_gmt":"2025-02-06T13:45:47","slug":"z-pasja-o-meblach","status":"publish","type":"page","link":"https:\/\/meble-rzemieslnicze.pl\/index.php\/z-pasja-o-meblach\/","title":{"rendered":"Z PASJ\u0104 O MEBLACH"},"content":{"rendered":"\t\t<div data-elementor-type=\"wp-page\" data-elementor-id=\"1377\" class=\"elementor elementor-1377\" data-elementor-settings=\"{&quot;ha_cmc_init_switcher&quot;:&quot;no&quot;}\" data-elementor-post-type=\"page\">\n\t\t\t\t<div class=\"elementor-element elementor-element-d02bfd6 e-con-full e-flex e-con e-parent\" data-id=\"d02bfd6\" data-element_type=\"container\" data-e-type=\"container\" data-settings=\"{&quot;background_background&quot;:&quot;classic&quot;,&quot;_ha_eqh_enable&quot;:false}\">\n\t\t<div class=\"elementor-element elementor-element-a871f1f e-con-full e-flex e-con e-child\" data-id=\"a871f1f\" data-element_type=\"container\" data-e-type=\"container\" data-settings=\"{&quot;background_background&quot;:&quot;classic&quot;,&quot;_ha_eqh_enable&quot;:false}\">\n\t\t\t\t<div class=\"elementor-element elementor-element-5e8f4c4 elementor-widget elementor-widget-heading\" data-id=\"5e8f4c4\" data-element_type=\"widget\" data-e-type=\"widget\" data-widget_type=\"heading.default\">\n\t\t\t\t<div class=\"elementor-widget-container\">\n\t\t\t\t\t<h2 class=\"elementor-heading-title elementor-size-default\">Z pasj\u0105 o meblach<\/h2>\t\t\t\t<\/div>\n\t\t\t\t<\/div>\n\t\t\t\t<\/div>\n\t\t\t\t<\/div>\n\t\t<div class=\"elementor-element elementor-element-b1733b9 e-grid e-con-boxed e-con e-parent\" data-id=\"b1733b9\" data-element_type=\"container\" data-e-type=\"container\" data-settings=\"{&quot;_ha_eqh_enable&quot;:&quot;yes&quot;,&quot;_ha_eqh_widget&quot;:[&quot;heading&quot;,&quot;text-editor&quot;,&quot;button&quot;],&quot;_ha_eqh_to&quot;:&quot;widget&quot;,&quot;_ha_eqh_disable_on_tablet&quot;:&quot;no&quot;,&quot;_ha_eqh_disable_on_mobile&quot;:&quot;yes&quot;}\">\n\t\t\t\t\t<div class=\"e-con-inner\">\n\t\t<div class=\"elementor-element elementor-element-a0357ca e-con-full e-flex e-con e-child\" data-id=\"a0357ca\" data-element_type=\"container\" data-e-type=\"container\" data-settings=\"{&quot;_ha_eqh_enable&quot;:false}\">\n\t\t<div class=\"elementor-element elementor-element-d3a61e6 e-con-full e-flex e-con e-child\" data-id=\"d3a61e6\" data-element_type=\"container\" data-e-type=\"container\" data-settings=\"{&quot;background_background&quot;:&quot;classic&quot;,&quot;_ha_eqh_enable&quot;:false}\">\n\t\t<div class=\"elementor-element elementor-element-a02f3ba e-con-full e-flex e-con e-child\" data-id=\"a02f3ba\" data-element_type=\"container\" data-e-type=\"container\" data-settings=\"{&quot;background_background&quot;:&quot;classic&quot;,&quot;_ha_eqh_enable&quot;:false}\">\n\t\t\t\t<div class=\"elementor-element elementor-element-68bd8c3 elementor-widget elementor-widget-heading\" data-id=\"68bd8c3\" data-element_type=\"widget\" data-e-type=\"widget\" data-widget_type=\"heading.default\">\n\t\t\t\t<div class=\"elementor-widget-container\">\n\t\t\t\t\t<h2 class=\"elementor-heading-title elementor-size-default\">Meble na wymiar czy meble z sieci\u00f3wki ?<\/h2>\t\t\t\t<\/div>\n\t\t\t\t<\/div>\n\t\t\t\t<\/div>\n\t\t\t\t<\/div>\n\t\t<div class=\"elementor-element elementor-element-e69da25 e-con-full e-flex e-con e-child\" data-id=\"e69da25\" data-element_type=\"container\" data-e-type=\"container\" data-settings=\"{&quot;_ha_eqh_enable&quot;:false}\">\n\t\t\t\t<div class=\"elementor-element elementor-element-b0d36c7 elementor-widget elementor-widget-text-editor\" data-id=\"b0d36c7\" data-element_type=\"widget\" data-e-type=\"widget\" data-widget_type=\"text-editor.default\">\n\t\t\t\t<div class=\"elementor-widget-container\">\n\t\t\t\t\t\t\t\t\t<p>Zastanawiasz si\u0119, co wybra\u0107: meble na wymiar czy gotowe produkty z sieciowych sklep\u00f3w? W naszym artykule por\u00f3wnujemy oba rozwi\u0105zania, analizuj\u0105c ich wady i zalety. Dowiesz si\u0119, dlaczego meble na zam\u00f3wienie oferuj\u0105 wi\u0119ksz\u0105 personalizacj\u0119, wy\u017csz\u0105 jako\u015b\u0107 i lepsze dopasowanie do Twojej przestrzeni. A mo\u017ce interesuje Ci\u0119 szybsze i ta\u0144sze rozwi\u0105zanie? Sprawd\u017a, jakie korzy\u015bci daj\u0105 gotowe meble.\u00a0<\/p>\t\t\t\t\t\t\t\t<\/div>\n\t\t\t\t<\/div>\n\t\t\t\t<div class=\"elementor-element elementor-element-033ef6a elementor-widget elementor-widget-button\" data-id=\"033ef6a\" data-element_type=\"widget\" data-e-type=\"widget\" data-widget_type=\"button.default\">\n\t\t\t\t<div class=\"elementor-widget-container\">\n\t\t\t\t\t\t\t\t\t<div class=\"elementor-button-wrapper\">\n\t\t\t\t\t<a class=\"elementor-button elementor-button-link elementor-size-sm\" href=\"https:\/\/meble-rzemieslnicze.pl\/index.php\/p1\/\">\n\t\t\t\t\t\t<span class=\"elementor-button-content-wrapper\">\n\t\t\t\t\t\t<span class=\"elementor-button-icon\">\n\t\t\t\t<svg aria-hidden=\"true\" class=\"e-font-icon-svg e-fas-long-arrow-alt-right\" viewBox=\"0 0 448 512\" xmlns=\"http:\/\/www.w3.org\/2000\/svg\"><path d=\"M313.941 216H12c-6.627 0-12 5.373-12 12v56c0 6.627 5.373 12 12 12h301.941v46.059c0 21.382 25.851 32.09 40.971 16.971l86.059-86.059c9.373-9.373 9.373-24.569 0-33.941l-86.059-86.059c-15.119-15.119-40.971-4.411-40.971 16.971V216z\"><\/path><\/svg>\t\t\t<\/span>\n\t\t\t\t\t\t\t\t\t<span class=\"elementor-button-text\">zobacz wi\u0119cej<\/span>\n\t\t\t\t\t<\/span>\n\t\t\t\t\t<\/a>\n\t\t\t\t<\/div>\n\t\t\t\t\t\t\t\t<\/div>\n\t\t\t\t<\/div>\n\t\t\t\t<\/div>\n\t\t\t\t<\/div>\n\t\t<div class=\"elementor-element elementor-element-6fa0cbc e-con-full e-flex e-con e-child\" data-id=\"6fa0cbc\" data-element_type=\"container\" data-e-type=\"container\" data-settings=\"{&quot;_ha_eqh_enable&quot;:false}\">\n\t\t<div class=\"elementor-element elementor-element-290847c e-con-full e-flex e-con e-child\" data-id=\"290847c\" data-element_type=\"container\" data-e-type=\"container\" data-settings=\"{&quot;background_background&quot;:&quot;classic&quot;,&quot;_ha_eqh_enable&quot;:false}\">\n\t\t<div class=\"elementor-element elementor-element-b962f9f e-con-full e-flex e-con e-child\" data-id=\"b962f9f\" data-element_type=\"container\" data-e-type=\"container\" data-settings=\"{&quot;background_background&quot;:&quot;classic&quot;,&quot;_ha_eqh_enable&quot;:false}\">\n\t\t\t\t<div class=\"elementor-element elementor-element-c7e08ea elementor-widget elementor-widget-heading\" data-id=\"c7e08ea\" data-element_type=\"widget\" data-e-type=\"widget\" data-widget_type=\"heading.default\">\n\t\t\t\t<div class=\"elementor-widget-container\">\n\t\t\t\t\t<h2 class=\"elementor-heading-title elementor-size-default\">Dziesi\u0119\u0107 najpopularniejszych styl\u00f3w wn\u0119trzarskich<\/h2>\t\t\t\t<\/div>\n\t\t\t\t<\/div>\n\t\t\t\t<\/div>\n\t\t\t\t<\/div>\n\t\t<div class=\"elementor-element elementor-element-9a9fbfc e-con-full e-flex e-con e-child\" data-id=\"9a9fbfc\" data-element_type=\"container\" data-e-type=\"container\" data-settings=\"{&quot;_ha_eqh_enable&quot;:false}\">\n\t\t\t\t<div class=\"elementor-element elementor-element-29bed8e elementor-widget elementor-widget-text-editor\" data-id=\"29bed8e\" data-element_type=\"widget\" data-e-type=\"widget\" data-widget_type=\"text-editor.default\">\n\t\t\t\t<div class=\"elementor-widget-container\">\n\t\t\t\t\t\t\t\t\t<p>Aran\u017cacja wn\u0119trz to fascynuj\u0105cy temat, pe\u0142en inspiracji i kreatywnych mo\u017cliwo\u015bci. Wyb\u00f3r stylu, kt\u00f3ry odzwierciedli Twoj\u0105 osobowo\u015b\u0107 i stworzy komfortow\u0105 przestrze\u0144, mo\u017ce by\u0107 wyzwaniem z powodu mnogo\u015bci opcji. Nie musisz jednak zna\u0107 wszystkich trend\u00f3w \u2013 poznaj najpopularniejsze style, wybierz ten, kt\u00f3ry najlepiej odpowiada Twoim gustom, i stw\u00f3rz estetyczne, funkcjonalne wn\u0119trze. Sprawd\u017a przegl\u0105d 10 najpopularniejszych styl\u00f3w wn\u0119trzarskich!<\/p>\t\t\t\t\t\t\t\t<\/div>\n\t\t\t\t<\/div>\n\t\t\t\t<div class=\"elementor-element elementor-element-76fdbb8 elementor-widget elementor-widget-button\" data-id=\"76fdbb8\" data-element_type=\"widget\" data-e-type=\"widget\" data-widget_type=\"button.default\">\n\t\t\t\t<div class=\"elementor-widget-container\">\n\t\t\t\t\t\t\t\t\t<div class=\"elementor-button-wrapper\">\n\t\t\t\t\t<a class=\"elementor-button elementor-button-link elementor-size-sm\" href=\"https:\/\/meble-rzemieslnicze.pl\/index.php\/p2\/\">\n\t\t\t\t\t\t<span class=\"elementor-button-content-wrapper\">\n\t\t\t\t\t\t<span class=\"elementor-button-icon\">\n\t\t\t\t<svg aria-hidden=\"true\" class=\"e-font-icon-svg e-fas-long-arrow-alt-right\" viewBox=\"0 0 448 512\" xmlns=\"http:\/\/www.w3.org\/2000\/svg\"><path d=\"M313.941 216H12c-6.627 0-12 5.373-12 12v56c0 6.627 5.373 12 12 12h301.941v46.059c0 21.382 25.851 32.09 40.971 16.971l86.059-86.059c9.373-9.373 9.373-24.569 0-33.941l-86.059-86.059c-15.119-15.119-40.971-4.411-40.971 16.971V216z\"><\/path><\/svg>\t\t\t<\/span>\n\t\t\t\t\t\t\t\t\t<span class=\"elementor-button-text\">zobacz wi\u0119cej<\/span>\n\t\t\t\t\t<\/span>\n\t\t\t\t\t<\/a>\n\t\t\t\t<\/div>\n\t\t\t\t\t\t\t\t<\/div>\n\t\t\t\t<\/div>\n\t\t\t\t<\/div>\n\t\t\t\t<\/div>\n\t\t<div class=\"elementor-element elementor-element-ac8c351 e-con-full e-flex e-con e-child\" data-id=\"ac8c351\" data-element_type=\"container\" data-e-type=\"container\" data-settings=\"{&quot;_ha_eqh_enable&quot;:false}\">\n\t\t<div class=\"elementor-element elementor-element-513661d e-con-full e-flex e-con e-child\" data-id=\"513661d\" data-element_type=\"container\" data-e-type=\"container\" data-settings=\"{&quot;background_background&quot;:&quot;classic&quot;,&quot;_ha_eqh_enable&quot;:false}\">\n\t\t<div class=\"elementor-element elementor-element-24b32fb e-con-full e-flex e-con e-child\" data-id=\"24b32fb\" data-element_type=\"container\" data-e-type=\"container\" data-settings=\"{&quot;background_background&quot;:&quot;classic&quot;,&quot;_ha_eqh_enable&quot;:false}\">\n\t\t\t\t<div class=\"elementor-element elementor-element-c144496 elementor-widget elementor-widget-heading\" data-id=\"c144496\" data-element_type=\"widget\" data-e-type=\"widget\" data-widget_type=\"heading.default\">\n\t\t\t\t<div class=\"elementor-widget-container\">\n\t\t\t\t\t<h2 class=\"elementor-heading-title elementor-size-default\">Od Pomys\u0142u do Realizacji - Sztuka Tworzenia Mebli na Wymiar<\/h2>\t\t\t\t<\/div>\n\t\t\t\t<\/div>\n\t\t\t\t<\/div>\n\t\t\t\t<\/div>\n\t\t<div class=\"elementor-element elementor-element-4fdf215 e-con-full e-flex e-con e-child\" data-id=\"4fdf215\" data-element_type=\"container\" data-e-type=\"container\" data-settings=\"{&quot;_ha_eqh_enable&quot;:false}\">\n\t\t\t\t<div class=\"elementor-element elementor-element-1a3edb2 elementor-widget elementor-widget-text-editor\" data-id=\"1a3edb2\" data-element_type=\"widget\" data-e-type=\"widget\" data-widget_type=\"text-editor.default\">\n\t\t\t\t<div class=\"elementor-widget-container\">\n\t\t\t\t\t\t\t\t\t<p>Proces projektowania mebli na wymiar to fascynuj\u0105ca podr\u00f3\u017c \u2013 od pomys\u0142u, przez szczeg\u00f3\u0142owe projektowanie, a\u017c po realizacj\u0119 idealnie dopasowanego mebla. To wi\u0119cej ni\u017c zwyk\u0142y proces \u2013 to sztuka, kt\u00f3ra wymaga pasji, precyzji i zrozumienia potrzeb klienta. Ka\u017cdy etap, od pierwszego szkicu po monta\u017c, jest cz\u0119\u015bci\u0105 tej niepowtarzalnej historii tworzenia czego\u015b wyj\u0105tkowego.<\/p>\t\t\t\t\t\t\t\t<\/div>\n\t\t\t\t<\/div>\n\t\t\t\t<div class=\"elementor-element elementor-element-4a34283 elementor-widget elementor-widget-button\" data-id=\"4a34283\" data-element_type=\"widget\" data-e-type=\"widget\" data-widget_type=\"button.default\">\n\t\t\t\t<div class=\"elementor-widget-container\">\n\t\t\t\t\t\t\t\t\t<div class=\"elementor-button-wrapper\">\n\t\t\t\t\t<a class=\"elementor-button elementor-button-link elementor-size-sm\" href=\"https:\/\/meble-rzemieslnicze.pl\/index.php\/p3\">\n\t\t\t\t\t\t<span class=\"elementor-button-content-wrapper\">\n\t\t\t\t\t\t<span class=\"elementor-button-icon\">\n\t\t\t\t<svg aria-hidden=\"true\" class=\"e-font-icon-svg e-fas-long-arrow-alt-right\" viewBox=\"0 0 448 512\" xmlns=\"http:\/\/www.w3.org\/2000\/svg\"><path d=\"M313.941 216H12c-6.627 0-12 5.373-12 12v56c0 6.627 5.373 12 12 12h301.941v46.059c0 21.382 25.851 32.09 40.971 16.971l86.059-86.059c9.373-9.373 9.373-24.569 0-33.941l-86.059-86.059c-15.119-15.119-40.971-4.411-40.971 16.971V216z\"><\/path><\/svg>\t\t\t<\/span>\n\t\t\t\t\t\t\t\t\t<span class=\"elementor-button-text\">zobacz wi\u0119cej<\/span>\n\t\t\t\t\t<\/span>\n\t\t\t\t\t<\/a>\n\t\t\t\t<\/div>\n\t\t\t\t\t\t\t\t<\/div>\n\t\t\t\t<\/div>\n\t\t\t\t<\/div>\n\t\t\t\t<\/div>\n\t\t<div class=\"elementor-element elementor-element-38fdfb7 e-con-full e-flex e-con e-child\" data-id=\"38fdfb7\" data-element_type=\"container\" data-e-type=\"container\" data-settings=\"{&quot;_ha_eqh_enable&quot;:false}\">\n\t\t<div class=\"elementor-element elementor-element-f3f3f98 e-con-full e-flex e-con e-child\" data-id=\"f3f3f98\" data-element_type=\"container\" data-e-type=\"container\" data-settings=\"{&quot;background_background&quot;:&quot;classic&quot;,&quot;_ha_eqh_enable&quot;:false}\">\n\t\t<div class=\"elementor-element elementor-element-5e4a2f2 e-con-full e-flex e-con e-child\" data-id=\"5e4a2f2\" data-element_type=\"container\" data-e-type=\"container\" data-settings=\"{&quot;background_background&quot;:&quot;classic&quot;,&quot;_ha_eqh_enable&quot;:false}\">\n\t\t\t\t<div class=\"elementor-element elementor-element-e7419e9 elementor-widget elementor-widget-heading\" data-id=\"e7419e9\" data-element_type=\"widget\" data-e-type=\"widget\" data-widget_type=\"heading.default\">\n\t\t\t\t<div class=\"elementor-widget-container\">\n\t\t\t\t\t<h2 class=\"elementor-heading-title elementor-size-default\">Jak skutecznie zam\u00f3wi\u0107 meble na wymiar<\/h2>\t\t\t\t<\/div>\n\t\t\t\t<\/div>\n\t\t\t\t<\/div>\n\t\t\t\t<\/div>\n\t\t<div class=\"elementor-element elementor-element-f103089 e-con-full e-flex e-con e-child\" data-id=\"f103089\" data-element_type=\"container\" data-e-type=\"container\" data-settings=\"{&quot;_ha_eqh_enable&quot;:false}\">\n\t\t\t\t<div class=\"elementor-element elementor-element-b9a3015 elementor-widget elementor-widget-text-editor\" data-id=\"b9a3015\" data-element_type=\"widget\" data-e-type=\"widget\" data-widget_type=\"text-editor.default\">\n\t\t\t\t<div class=\"elementor-widget-container\">\n\t\t\t\t\t\t\t\t\t<p>Zamawiasz meble na wymiar? Sprawd\u017a, jak zrobi\u0107 to dobrze! Nie tra\u0107 czasu na niedok\u0142adne zapytania! Dowiedz si\u0119, jak prawid\u0142owo przygotowa\u0107 zapytanie o ofert\u0119, jakie informacje s\u0105 kluczowe oraz jak interpretowa\u0107 wyceny, by unikn\u0105\u0107 niespodzianek. Kliknij i przeczytaj praktyczny poradnik, kt\u00f3ry u\u0142atwi Ci ca\u0142y proces!<\/p>\t\t\t\t\t\t\t\t<\/div>\n\t\t\t\t<\/div>\n\t\t\t\t<div class=\"elementor-element elementor-element-5a26982 elementor-widget elementor-widget-button\" data-id=\"5a26982\" data-element_type=\"widget\" data-e-type=\"widget\" data-widget_type=\"button.default\">\n\t\t\t\t<div class=\"elementor-widget-container\">\n\t\t\t\t\t\t\t\t\t<div class=\"elementor-button-wrapper\">\n\t\t\t\t\t<a class=\"elementor-button elementor-button-link elementor-size-sm\" href=\"https:\/\/meble-rzemieslnicze.pl\/index.php\/p4\/\">\n\t\t\t\t\t\t<span class=\"elementor-button-content-wrapper\">\n\t\t\t\t\t\t<span class=\"elementor-button-icon\">\n\t\t\t\t<svg aria-hidden=\"true\" class=\"e-font-icon-svg e-fas-long-arrow-alt-right\" viewBox=\"0 0 448 512\" xmlns=\"http:\/\/www.w3.org\/2000\/svg\"><path d=\"M313.941 216H12c-6.627 0-12 5.373-12 12v56c0 6.627 5.373 12 12 12h301.941v46.059c0 21.382 25.851 32.09 40.971 16.971l86.059-86.059c9.373-9.373 9.373-24.569 0-33.941l-86.059-86.059c-15.119-15.119-40.971-4.411-40.971 16.971V216z\"><\/path><\/svg>\t\t\t<\/span>\n\t\t\t\t\t\t\t\t\t<span class=\"elementor-button-text\">zobacz wi\u0119cej<\/span>\n\t\t\t\t\t<\/span>\n\t\t\t\t\t<\/a>\n\t\t\t\t<\/div>\n\t\t\t\t\t\t\t\t<\/div>\n\t\t\t\t<\/div>\n\t\t\t\t<\/div>\n\t\t\t\t<\/div>\n\t\t\t\t\t<\/div>\n\t\t\t\t<\/div>\n\t\t\t\t<\/div>\n\t\t","protected":false},"excerpt":{"rendered":"<p>Z pasj\u0105 o meblach Meble na wymiar czy meble z sieci\u00f3wki ? Zastanawiasz si\u0119, co wybra\u0107: meble na wymiar czy gotowe produkty z sieciowych sklep\u00f3w? W naszym artykule por\u00f3wnujemy oba rozwi\u0105zania, analizuj\u0105c ich wady i zalety. Dowiesz si\u0119, dlaczego meble na zam\u00f3wienie oferuj\u0105 wi\u0119ksz\u0105 personalizacj\u0119, wy\u017csz\u0105 jako\u015b\u0107 i lepsze dopasowanie do Twojej przestrzeni. A mo\u017ce [&hellip;]<\/p>\n","protected":false},"author":1,"featured_media":0,"parent":0,"menu_order":0,"comment_status":"closed","ping_status":"closed","template":"","meta":{"footnotes":""},"folder":[],"class_list":["post-1377","page","type-page","status-publish","hentry"],"_links":{"self":[{"href":"https:\/\/meble-rzemieslnicze.pl\/index.php\/wp-json\/wp\/v2\/pages\/1377","targetHints":{"allow":["GET"]}}],"collection":[{"href":"https:\/\/meble-rzemieslnicze.pl\/index.php\/wp-json\/wp\/v2\/pages"}],"about":[{"href":"https:\/\/meble-rzemieslnicze.pl\/index.php\/wp-json\/wp\/v2\/types\/page"}],"author":[{"embeddable":true,"href":"https:\/\/meble-rzemieslnicze.pl\/index.php\/wp-json\/wp\/v2\/users\/1"}],"replies":[{"embeddable":true,"href":"https:\/\/meble-rzemieslnicze.pl\/index.php\/wp-json\/wp\/v2\/comments?post=1377"}],"version-history":[{"count":142,"href":"https:\/\/meble-rzemieslnicze.pl\/index.php\/wp-json\/wp\/v2\/pages\/1377\/revisions"}],"predecessor-version":[{"id":1800,"href":"https:\/\/meble-rzemieslnicze.pl\/index.php\/wp-json\/wp\/v2\/pages\/1377\/revisions\/1800"}],"wp:attachment":[{"href":"https:\/\/meble-rzemieslnicze.pl\/index.php\/wp-json\/wp\/v2\/media?parent=1377"}],"wp:term":[{"taxonomy":"folder","embeddable":true,"href":"https:\/\/meble-rzemieslnicze.pl\/index.php\/wp-json\/wp\/v2\/folder?post=1377"}],"curies":[{"name":"wp","href":"https:\/\/api.w.org\/{rel}","templated":true}]}}